{"id":499,"date":"2020-09-07T14:54:38","date_gmt":"2020-09-07T14:54:38","guid":{"rendered":"http:\/\/investorunner.com\/sv\/?page_id=499"},"modified":"2020-09-28T08:56:23","modified_gmt":"2020-09-28T08:56:23","slug":"integritetspolicy","status":"publish","type":"page","link":"https:\/\/investorunner.com\/sv\/integritetspolicy\/","title":{"rendered":"Integritetspolicy"},"content":{"rendered":"<p>Vi p\u00e5 InvestoRunner.com tar v\u00e5r integritetspolicy p\u00e5 st\u00f6rsta allvar. Eftersom din personliga information \u00e4r viktig f\u00f6r oss vill vi vara transparenta med hur den anv\u00e4nds. F\u00f6ljande information finns f\u00f6r att tydligg\u00f6ra hur vi samlar in, anv\u00e4nder och skyddar den personliga informationen som du ger oss p\u00e5 denna webbplats.<\/p>\n<h3>Anv\u00e4ndarinformation<\/h3>\n<p>Vi samlar inte in n\u00e5gon personlig information utan ditt samtycke. Om du v\u00e4ljer att dela med dig av information kommer den anv\u00e4ndas f\u00f6r att f\u00f6rb\u00e4ttra anv\u00e4ndarupplevelsen. Du kan ocks\u00e5 k\u00e4nna dig trygg med att informationen du vill tillhandah\u00e5lla oss, stannar hos oss. All information fr\u00e5n v\u00e5ra bes\u00f6kar f\u00f6rblir privat och kommer inte l\u00e4mnas ut till n\u00e5gon tredje part. P\u00e5 denna webbplats \u00e4r all data krypterad och vi arbetar kontinuerligt med s\u00e4kerheten p\u00e5 InvestoRunner.com. \u00a0Vi genomf\u00f6r en rad s\u00e4kerhets\u00e5tg\u00e4rder med j\u00e4mna mellanrum f\u00f6r att h\u00e5lla dina uppgifter s\u00e4kra n\u00e4r du anger, skickar eller f\u00e5r tillg\u00e5ng till data fr\u00e5n oss.<\/p>\n<h3>Bilder och Video<\/h3>\n<p>Bilder och video p\u00e5 InvestoRunner.com kan vara h\u00e4mtade fr\u00e5n Internet och anses d\u00e5 vara offentliga. Vi h\u00e4vdar ingen kredit f\u00f6r n\u00e5gra bilder eller videoklipp som vi delar om inget annat anges. Alla som jobbar p\u00e5 InvestoRunner.com beh\u00f6ver kontrollera att vi har till\u00e5telse att dela media innan det publiceras.\u00a0Om n\u00e5gon information \u00e4r felangiven v\u00e4nligen kontakta oss s\u00e5 uppdaterar vi det snarast. Om du \u00e4ger r\u00e4tten till n\u00e5gon av bilderna eller videoklipp p\u00e5 v\u00e5r webbplats och \u00f6nskar att de inte ska visas, v\u00e4nligen kontakta oss p\u00e5 contact@investorunner.com.<\/p>\n<h3>Tredjepart-Cookies<\/h3>\n<p>Det kan finnas tredjepartsleverant\u00f6rer som anv\u00e4nder cookies och web beacons p\u00e5 v\u00e5r webbplats. Google \u00e4r en tredjepartsleverant\u00f6r som anv\u00e4nder cookies f\u00f6r att visa annonser. DART-cookien anv\u00e4nds av Google f\u00f6r att visa annonser f\u00f6r anv\u00e4ndare som bes\u00f6ker v\u00e5r webbplats och andra webbplatser p\u00e5 Internet. Du kan v\u00e4lja bort anv\u00e4ndningen av DART-cookien genom att bes\u00f6ka Googles annons- och inneh\u00e5llsn\u00e4tverks sekretesspolicy. Vi p\u00e5 InvestoRunner.com har inte tillg\u00e5ng eller kontroll \u00f6ver dessa cookies fr\u00e5n tredjepartsleverant\u00f6rer och h\u00e4nvisar d\u00e4rf\u00f6r till respektive leverant\u00f6r om du har fr\u00e5gor om deras cookies. Det enklaste brukar vara att bes\u00f6ka leverant\u00f6rens hemsida f\u00f6r att l\u00e4sa deras sekretesspolicy f\u00f6r mer detaljerad information samt instruktioner om hur du avregistrerar vissa rutiner.<\/p>\n<h3>Webbplatstrafik<\/h3>\n<p>Vi anv\u00e4nder Google Analytics f\u00f6r att m\u00e4ta trafiken p\u00e5 InvestoRunner.com. Det inkluderar inte n\u00e5gra personuppgifter utan anv\u00e4nds endast f\u00f6r att se hur bes\u00f6karna anv\u00e4nder v\u00e5r webbsida. Detta \u00e4r kvantitativ data som hj\u00e4lper oss att identifiera olika m\u00f6nster och trender p\u00e5 webbsidan s\u00e5som interaktion och hur bes\u00f6karna hittar oss.\u00a0Datan vi samlar in fr\u00e5n detta anv\u00e4nds sedan f\u00f6r att f\u00f6rb\u00e4ttra anv\u00e4ndarupplevelsen f\u00f6r alla bes\u00f6kare.\u00a0Google Analytics kan anv\u00e4nda cookies f\u00f6r att samla information, men varje webbplats har en egen cookie och bes\u00f6karen sp\u00e5ras inte av Google p\u00e5 flera webbplatser. Du kan inaktivera denna typ av cookie i din valda webbl\u00e4sare.<\/p>\n<p>&nbsp;<\/p>\n<p>Genom att bes\u00f6ka InvestoRunner.com samtycker du till denna information. Vi f\u00f6rbeh\u00e5ller oss r\u00e4tten att l\u00e4gga till, uppdatera eller \u00e4ndra informationen och publicerar \u00e4ndringar p\u00e5 denna webbsida. Om du anser att n\u00e5gon information saknas eller har n\u00e5gra fr\u00e5gor som inte besvaras p\u00e5 denna sida \u00e4r du v\u00e4lkommen att kontakta oss p\u00e5 contact@investorunner.com.<\/p>\n","protected":false},"excerpt":{"rendered":"<p>Vi p\u00e5 InvestoRunner.com tar v\u00e5r integritetspolicy p\u00e5 st\u00f6rsta allvar. Eftersom din personliga information \u00e4r viktig f\u00f6r oss vill vi vara transparenta med hur den anv\u00e4nds. F\u00f6ljande information finns f\u00f6r att tydligg\u00f6ra hur vi samlar in, anv\u00e4nder och skyddar den personliga informationen som du ger oss p\u00e5 denna webbplats. Anv\u00e4ndarinformation Vi samlar inte in n\u00e5gon personlig [&hellip;]<\/p>\n","protected":false},"author":1,"featured_media":0,"parent":0,"menu_order":0,"comment_status":"closed","ping_status":"closed","template":"page-info.php","meta":{"footnotes":""},"yoast_head":"<!-- This site is optimized with the Yoast SEO plugin v15.3 - https:\/\/yoast.com\/wordpress\/plugins\/seo\/ -->\n<meta name=\"description\" content=\"Vi tar v\u00e5r integritetspolicy p\u00e5 st\u00f6rsta allvar. Din personliga information \u00e4r viktig f\u00f6r oss \u00e4r vi transparenta med hur den anv\u00e4nds och hur vi skyddar den.\" \/>\n<meta name=\"robots\" content=\"index, follow, max-snippet:-1, max-image-preview:large, max-video-preview:-1\" \/>\n<link rel=\"canonical\" href=\"https:\/\/investorunner.com\/sv\/integritetspolicy\/\" \/>\n<meta property=\"og:locale\" content=\"sv_SE\" \/>\n<meta property=\"og:type\" content=\"article\" \/>\n<meta property=\"og:title\" content=\"Integritetspolicy | InvestoRunner Sverige\" \/>\n<meta property=\"og:description\" content=\"Vi tar v\u00e5r integritetspolicy p\u00e5 st\u00f6rsta allvar. Din personliga information \u00e4r viktig f\u00f6r oss \u00e4r vi transparenta med hur den anv\u00e4nds och hur vi skyddar den.\" \/>\n<meta property=\"og:url\" content=\"https:\/\/investorunner.com\/sv\/integritetspolicy\/\" \/>\n<meta property=\"og:site_name\" content=\"InvestoRunner Sverige\" \/>\n<meta property=\"article:modified_time\" content=\"2020-09-28T08:56:23+00:00\" \/>\n<meta name=\"twitter:card\" content=\"summary\" \/>\n<meta name=\"twitter:label1\" content=\"Skriven av\">\n\t<meta name=\"twitter:data1\" content=\"InvestoRunner Team\">\n\t<meta name=\"twitter:label2\" content=\"Ber\u00e4knad l\u00e4stid\">\n\t<meta name=\"twitter:data2\" content=\"2 minuter\">\n<script type=\"application\/ld+json\" class=\"yoast-schema-graph\">{\"@context\":\"https:\/\/schema.org\",\"@graph\":[{\"@type\":\"WebSite\",\"@id\":\"https:\/\/investorunner.com\/sv\/#website\",\"url\":\"https:\/\/investorunner.com\/sv\/\",\"name\":\"InvestoRunner Sverige\",\"description\":\"Vi \\u00e4r en j\\u00e4mf\\u00f6relsetj\\u00e4nst f\\u00f6r aktier och b\\u00f6rsen.\",\"potentialAction\":[{\"@type\":\"SearchAction\",\"target\":\"https:\/\/investorunner.com\/sv\/?s={search_term_string}\",\"query-input\":\"required name=search_term_string\"}],\"inLanguage\":\"sv-SE\"},{\"@type\":\"WebPage\",\"@id\":\"https:\/\/investorunner.com\/sv\/integritetspolicy\/#webpage\",\"url\":\"https:\/\/investorunner.com\/sv\/integritetspolicy\/\",\"name\":\"Integritetspolicy | InvestoRunner Sverige\",\"isPartOf\":{\"@id\":\"https:\/\/investorunner.com\/sv\/#website\"},\"datePublished\":\"2020-09-07T14:54:38+00:00\",\"dateModified\":\"2020-09-28T08:56:23+00:00\",\"description\":\"Vi tar v\\u00e5r integritetspolicy p\\u00e5 st\\u00f6rsta allvar. Din personliga information \\u00e4r viktig f\\u00f6r oss \\u00e4r vi transparenta med hur den anv\\u00e4nds och hur vi skyddar den.\",\"inLanguage\":\"sv-SE\",\"potentialAction\":[{\"@type\":\"ReadAction\",\"target\":[\"https:\/\/investorunner.com\/sv\/integritetspolicy\/\"]}]}]}<\/script>\n<!-- \/ Yoast SEO plugin. -->","_links":{"self":[{"href":"https:\/\/investorunner.com\/sv\/wp-json\/wp\/v2\/pages\/499"}],"collection":[{"href":"https:\/\/investorunner.com\/sv\/wp-json\/wp\/v2\/pages"}],"about":[{"href":"https:\/\/investorunner.com\/sv\/wp-json\/wp\/v2\/types\/page"}],"author":[{"embeddable":true,"href":"https:\/\/investorunner.com\/sv\/wp-json\/wp\/v2\/users\/1"}],"replies":[{"embeddable":true,"href":"https:\/\/investorunner.com\/sv\/wp-json\/wp\/v2\/comments?post=499"}],"version-history":[{"count":1,"href":"https:\/\/investorunner.com\/sv\/wp-json\/wp\/v2\/pages\/499\/revisions"}],"predecessor-version":[{"id":500,"href":"https:\/\/investorunner.com\/sv\/wp-json\/wp\/v2\/pages\/499\/revisions\/500"}],"wp:attachment":[{"href":"https:\/\/investorunner.com\/sv\/wp-json\/wp\/v2\/media?parent=499"}],"curies":[{"name":"wp","href":"https:\/\/api.w.org\/{rel}","templated":true}]}}