{"id":497,"date":"2020-09-07T14:52:28","date_gmt":"2020-09-07T14:52:28","guid":{"rendered":"http:\/\/investorunner.com\/sv\/?page_id=497"},"modified":"2020-09-28T09:04:02","modified_gmt":"2020-09-28T09:04:02","slug":"nyheter","status":"publish","type":"page","link":"https:\/\/investorunner.com\/sv\/nyheter\/","title":{"rendered":"Nyheter"},"content":{"rendered":"","protected":false},"excerpt":{"rendered":"","protected":false},"author":1,"featured_media":56,"parent":0,"menu_order":0,"comment_status":"closed","ping_status":"closed","template":"page-news.php","meta":{"footnotes":""},"yoast_head":"<!-- This site is optimized with the Yoast SEO plugin v15.3 - https:\/\/yoast.com\/wordpress\/plugins\/seo\/ -->\n<meta name=\"description\" content=\"Vill du h\u00e5lla dig uppdaterad? L\u00e4s alla senaste nyheter h\u00e4r om aktier, b\u00f6rsen och mer. Vi hj\u00e4lper dig att investera, spara och tj\u00e4na pengar. V\u00e4lkommen!\" \/>\n<meta name=\"robots\" content=\"index, follow, max-snippet:-1, max-image-preview:large, max-video-preview:-1\" \/>\n<link rel=\"canonical\" href=\"https:\/\/investorunner.com\/sv\/nyheter\/\" \/>\n<meta property=\"og:locale\" content=\"sv_SE\" \/>\n<meta property=\"og:type\" content=\"article\" \/>\n<meta property=\"og:title\" content=\"Senaste Nyheter | InvestoRunner Sverige\" \/>\n<meta property=\"og:description\" content=\"Vill du h\u00e5lla dig uppdaterad? L\u00e4s alla senaste nyheter h\u00e4r om aktier, b\u00f6rsen och mer. Vi hj\u00e4lper dig att investera, spara och tj\u00e4na pengar. V\u00e4lkommen!\" \/>\n<meta property=\"og:url\" content=\"https:\/\/investorunner.com\/sv\/nyheter\/\" \/>\n<meta property=\"og:site_name\" content=\"InvestoRunner Sverige\" \/>\n<meta property=\"article:modified_time\" content=\"2020-09-28T09:04:02+00:00\" \/>\n<meta property=\"og:image\" content=\"https:\/\/investorunner.com\/sv\/wp-content\/uploads\/sites\/2\/2020\/09\/news-logo.png\" \/>\n\t<meta property=\"og:image:width\" content=\"800\" \/>\n\t<meta property=\"og:image:height\" content=\"800\" \/>\n<meta name=\"twitter:card\" content=\"summary\" \/>\n<meta name=\"twitter:label1\" content=\"Skriven av\">\n\t<meta name=\"twitter:data1\" content=\"InvestoRunner Team\">\n<script type=\"application\/ld+json\" class=\"yoast-schema-graph\">{\"@context\":\"https:\/\/schema.org\",\"@graph\":[{\"@type\":\"WebSite\",\"@id\":\"https:\/\/investorunner.com\/sv\/#website\",\"url\":\"https:\/\/investorunner.com\/sv\/\",\"name\":\"InvestoRunner Sverige\",\"description\":\"Vi \\u00e4r en j\\u00e4mf\\u00f6relsetj\\u00e4nst f\\u00f6r aktier och b\\u00f6rsen.\",\"potentialAction\":[{\"@type\":\"SearchAction\",\"target\":\"https:\/\/investorunner.com\/sv\/?s={search_term_string}\",\"query-input\":\"required name=search_term_string\"}],\"inLanguage\":\"sv-SE\"},{\"@type\":\"ImageObject\",\"@id\":\"https:\/\/investorunner.com\/sv\/nyheter\/#primaryimage\",\"inLanguage\":\"sv-SE\",\"url\":\"https:\/\/investorunner.com\/sv\/wp-content\/uploads\/sites\/2\/2020\/09\/news-logo.png\",\"width\":800,\"height\":800},{\"@type\":\"WebPage\",\"@id\":\"https:\/\/investorunner.com\/sv\/nyheter\/#webpage\",\"url\":\"https:\/\/investorunner.com\/sv\/nyheter\/\",\"name\":\"Senaste Nyheter | InvestoRunner Sverige\",\"isPartOf\":{\"@id\":\"https:\/\/investorunner.com\/sv\/#website\"},\"primaryImageOfPage\":{\"@id\":\"https:\/\/investorunner.com\/sv\/nyheter\/#primaryimage\"},\"datePublished\":\"2020-09-07T14:52:28+00:00\",\"dateModified\":\"2020-09-28T09:04:02+00:00\",\"description\":\"Vill du h\\u00e5lla dig uppdaterad? L\\u00e4s alla senaste nyheter h\\u00e4r om aktier, b\\u00f6rsen och mer. Vi hj\\u00e4lper dig att investera, spara och tj\\u00e4na pengar. V\\u00e4lkommen!\",\"inLanguage\":\"sv-SE\",\"potentialAction\":[{\"@type\":\"ReadAction\",\"target\":[\"https:\/\/investorunner.com\/sv\/nyheter\/\"]}]}]}<\/script>\n<!-- \/ Yoast SEO plugin. -->","_links":{"self":[{"href":"https:\/\/investorunner.com\/sv\/wp-json\/wp\/v2\/pages\/497"}],"collection":[{"href":"https:\/\/investorunner.com\/sv\/wp-json\/wp\/v2\/pages"}],"about":[{"href":"https:\/\/investorunner.com\/sv\/wp-json\/wp\/v2\/types\/page"}],"author":[{"embeddable":true,"href":"https:\/\/investorunner.com\/sv\/wp-json\/wp\/v2\/users\/1"}],"replies":[{"embeddable":true,"href":"https:\/\/investorunner.com\/sv\/wp-json\/wp\/v2\/comments?post=497"}],"version-history":[{"count":1,"href":"https:\/\/investorunner.com\/sv\/wp-json\/wp\/v2\/pages\/497\/revisions"}],"predecessor-version":[{"id":498,"href":"https:\/\/investorunner.com\/sv\/wp-json\/wp\/v2\/pages\/497\/revisions\/498"}],"wp:featuredmedia":[{"embeddable":true,"href":"https:\/\/investorunner.com\/sv\/wp-json\/wp\/v2\/media\/56"}],"wp:attachment":[{"href":"https:\/\/investorunner.com\/sv\/wp-json\/wp\/v2\/media?parent=497"}],"curies":[{"name":"wp","href":"https:\/\/api.w.org\/{rel}","templated":true}]}}