{"id":480,"date":"2020-09-07T13:55:44","date_gmt":"2020-09-07T13:55:44","guid":{"rendered":"http:\/\/investorunner.com\/sv\/?page_id=480"},"modified":"2025-05-07T15:22:46","modified_gmt":"2025-05-07T15:22:46","slug":"kontakta-oss","status":"publish","type":"page","link":"https:\/\/investorunner.com\/sv\/kontakta-oss\/","title":{"rendered":"Kontakta Oss"},"content":{"rendered":"<p>Du \u00e4r varmt v\u00e4lkommen att kontakta oss om du undrar n\u00e5got eller bara vill s\u00e4ga hej. Vi svarar p\u00e5 alla fr\u00e5gor om b\u00f6rsen och investeringar. Vi skriver st\u00e4ndigt nytt inneh\u00e5ll och du f\u00e5r g\u00e4rna kontakta oss om det \u00e4r n\u00e5got specifikt du vill att vi skriver om. Annars uppskattar vi all feedback du ger oss f\u00f6r att f\u00f6rb\u00e4ttra inneh\u00e5llet och webbsidan InvestoRunner.com.<\/p>\n<p>Kontakta oss p\u00e5 contact@investorunner.com.<\/p>\n","protected":false},"excerpt":{"rendered":"<p>Du \u00e4r varmt v\u00e4lkommen att kontakta oss om du undrar n\u00e5got eller bara vill s\u00e4ga hej. Vi svarar p\u00e5 alla fr\u00e5gor om b\u00f6rsen och investeringar. Vi skriver st\u00e4ndigt nytt inneh\u00e5ll och du f\u00e5r g\u00e4rna kontakta oss om det \u00e4r n\u00e5got specifikt du vill att vi skriver om. Annars uppskattar vi all feedback du ger oss [&hellip;]<\/p>\n","protected":false},"author":1,"featured_media":0,"parent":0,"menu_order":0,"comment_status":"closed","ping_status":"closed","template":"page-info.php","meta":{"footnotes":""},"yoast_head":"<!-- This site is optimized with the Yoast SEO plugin v15.3 - https:\/\/yoast.com\/wordpress\/plugins\/seo\/ -->\n<meta name=\"description\" content=\"Vi svarar p\u00e5 alla fr\u00e5gor om b\u00f6rsen och investeringar. Fr\u00e5ga oss allt om investeringar, ge oss feedback, eller s\u00e4g bara hej!\" \/>\n<meta name=\"robots\" content=\"index, follow, max-snippet:-1, max-image-preview:large, max-video-preview:-1\" \/>\n<link rel=\"canonical\" href=\"https:\/\/investorunner.com\/sv\/kontakta-oss\/\" \/>\n<meta property=\"og:locale\" content=\"sv_SE\" \/>\n<meta property=\"og:type\" content=\"article\" \/>\n<meta property=\"og:title\" content=\"Kontakta Oss | InvestoRunner Sverige\" \/>\n<meta property=\"og:description\" content=\"Vi svarar p\u00e5 alla fr\u00e5gor om b\u00f6rsen och investeringar. Fr\u00e5ga oss allt om investeringar, ge oss feedback, eller s\u00e4g bara hej!\" \/>\n<meta property=\"og:url\" content=\"https:\/\/investorunner.com\/sv\/kontakta-oss\/\" \/>\n<meta property=\"og:site_name\" content=\"InvestoRunner Sverige\" \/>\n<meta property=\"article:modified_time\" content=\"2025-05-07T15:22:46+00:00\" \/>\n<meta name=\"twitter:card\" content=\"summary\" \/>\n<meta name=\"twitter:label1\" content=\"Skriven av\">\n\t<meta name=\"twitter:data1\" content=\"InvestoRunner Team\">\n\t<meta name=\"twitter:label2\" content=\"Ber\u00e4knad l\u00e4stid\">\n\t<meta name=\"twitter:data2\" content=\"0 minuter\">\n<script type=\"application\/ld+json\" class=\"yoast-schema-graph\">{\"@context\":\"https:\/\/schema.org\",\"@graph\":[{\"@type\":\"WebSite\",\"@id\":\"https:\/\/investorunner.com\/sv\/#website\",\"url\":\"https:\/\/investorunner.com\/sv\/\",\"name\":\"InvestoRunner Sverige\",\"description\":\"Vi \\u00e4r en j\\u00e4mf\\u00f6relsetj\\u00e4nst f\\u00f6r aktier och b\\u00f6rsen.\",\"potentialAction\":[{\"@type\":\"SearchAction\",\"target\":\"https:\/\/investorunner.com\/sv\/?s={search_term_string}\",\"query-input\":\"required name=search_term_string\"}],\"inLanguage\":\"sv-SE\"},{\"@type\":\"WebPage\",\"@id\":\"https:\/\/investorunner.com\/sv\/kontakta-oss\/#webpage\",\"url\":\"https:\/\/investorunner.com\/sv\/kontakta-oss\/\",\"name\":\"Kontakta Oss | InvestoRunner Sverige\",\"isPartOf\":{\"@id\":\"https:\/\/investorunner.com\/sv\/#website\"},\"datePublished\":\"2020-09-07T13:55:44+00:00\",\"dateModified\":\"2025-05-07T15:22:46+00:00\",\"description\":\"Vi svarar p\\u00e5 alla fr\\u00e5gor om b\\u00f6rsen och investeringar. Fr\\u00e5ga oss allt om investeringar, ge oss feedback, eller s\\u00e4g bara hej!\",\"inLanguage\":\"sv-SE\",\"potentialAction\":[{\"@type\":\"ReadAction\",\"target\":[\"https:\/\/investorunner.com\/sv\/kontakta-oss\/\"]}]}]}<\/script>\n<!-- \/ Yoast SEO plugin. -->","_links":{"self":[{"href":"https:\/\/investorunner.com\/sv\/wp-json\/wp\/v2\/pages\/480"}],"collection":[{"href":"https:\/\/investorunner.com\/sv\/wp-json\/wp\/v2\/pages"}],"about":[{"href":"https:\/\/investorunner.com\/sv\/wp-json\/wp\/v2\/types\/page"}],"author":[{"embeddable":true,"href":"https:\/\/investorunner.com\/sv\/wp-json\/wp\/v2\/users\/1"}],"replies":[{"embeddable":true,"href":"https:\/\/investorunner.com\/sv\/wp-json\/wp\/v2\/comments?post=480"}],"version-history":[{"count":9,"href":"https:\/\/investorunner.com\/sv\/wp-json\/wp\/v2\/pages\/480\/revisions"}],"predecessor-version":[{"id":22527,"href":"https:\/\/investorunner.com\/sv\/wp-json\/wp\/v2\/pages\/480\/revisions\/22527"}],"wp:attachment":[{"href":"https:\/\/investorunner.com\/sv\/wp-json\/wp\/v2\/media?parent=480"}],"curies":[{"name":"wp","href":"https:\/\/api.w.org\/{rel}","templated":true}]}}