{"id":456,"date":"2020-09-07T09:44:12","date_gmt":"2020-09-07T09:44:12","guid":{"rendered":"http:\/\/investorunner.com\/sv\/?page_id=456"},"modified":"2025-10-09T09:59:11","modified_gmt":"2025-10-09T09:59:11","slug":"om-oss","status":"publish","type":"page","link":"https:\/\/investorunner.com\/sv\/om-oss\/","title":{"rendered":"Om Oss"},"content":{"rendered":"<h3>Vi \u00e4r en j\u00e4mf\u00f6relsetj\u00e4nst f\u00f6r b\u00f6rsen. V\u00e4lj r\u00e4tt f\u00f6r att investera, spara & tj\u00e4na pengar.<\/h3>\n<p>InvestoRunner.com samlar allt du beh\u00f6ver veta om att investera p\u00e5 b\u00f6rsen och mer. V\u00e5rt m\u00e5l \u00e4r att hj\u00e4lpa v\u00e5ra bes\u00f6kare att investera, spara och tj\u00e4na pengar. Vi uppdaterar kontinuerligt webbplatsen med f\u00f6rb\u00e4ttringar, nya funktioner och nytt inneh\u00e5ll.<\/p>\n<p>&nbsp;<\/p>\n<h3>Webbplatsens m\u00e5l<\/h3>\n<p>V\u00e5rt m\u00e5l \u00e4r att hj\u00e4lpa v\u00e5ra bes\u00f6kare att investera, spara och tj\u00e4na pengar p\u00e5 b\u00f6rsen. Allt som publiceras \u00e4r v\u00e4lutforskat och inneh\u00e5ller s\u00e5 mycket information som m\u00f6jligt. V\u00e5ra skribenter f\u00f6rbereder nytt inneh\u00e5ll genom att l\u00e4sa allt de kan hitta om ett \u00e4mne f\u00f6r att inte missa n\u00e5got.\u00a0F\u00f6rberedelserna och f\u00f6rarbetet tar l\u00e4ngre tid \u00e4n att skriva det faktiska inneh\u00e5llet. Det \u00e4r viktigt f\u00f6r oss att ge en fullst\u00e4ndig \u00f6versikt av \u00e4mnet f\u00f6r bes\u00f6karen.<\/p>\n<p>Internet \u00e4r fullt av webbsidor som delvis t\u00e4cker ett \u00e4mne. D\u00e4rf\u00f6r beh\u00f6ver anv\u00e4ndare l\u00e4sa m\u00e5nga olika artiklar f\u00f6r att f\u00e5 en helhetsbild. Vi vill hj\u00e4lpa v\u00e5r bes\u00f6kare att investera, spara och tj\u00e4na pengar p\u00e5 b\u00f6rsen med omfattande guider.<\/p>\n<h3>F\u00f6retagets v\u00e4rderingar<\/h3>\n<p>F\u00f6retaget best\u00e5r av ett litet team som fokuserar p\u00e5 att skapa de b\u00e4sta guiderna f\u00f6r aktiemarknaden. Vi arbetar endast med dedikerade personer som vill bidra till v\u00e5r community. InvestoRunner.com publicerar inte sidor f\u00f6rr\u00e4n de har det b\u00e4sta inneh\u00e5llet och anv\u00e4ndarupplevelsen p\u00e5 webben. Vi \u00e4r perfektionister som tillbringar orimligt mycket tid p\u00e5 detaljer. Bara det b\u00e4sta \u00e4r tillr\u00e4ckligt bra.<\/p>\n<p>N\u00e4r vi utvecklar f\u00f6retaget och f\u00f6rb\u00e4ttrar anv\u00e4ndarupplevelsen f\u00f6r v\u00e5ra bes\u00f6kare, t\u00e4nker vi l\u00e5ngsiktigt. InvestoRunner tar inte n\u00e5gra genv\u00e4gar eftersom vi \u00e4r h\u00e4r f\u00f6r att stanna. Vi letar alltid efter erfarna skribenter, passionerade bloggare, beg\u00e5vade managers och andra lagmedlemmar som \u00e4r intresserade av att arbeta med oss \u200b\u200bp\u00e5 InvestoRunner.com.<\/p>\n<p>&nbsp;<\/p>\n<p><em>Delar du v\u00e5ra v\u00e4rderingar och \u00e4r intresserad av att bli en del av v\u00e5rt team? I s\u00e5 fall kan du bes\u00f6ka v\u00e5r <a href=\"https:\/\/optimizeegroup.com\/#jobs\">jobbsida<\/a> f\u00f6r mer information och alla nuvarande lediga tj\u00e4nster.<\/em><\/p>\n<p><em>Ska du skriva ett examensarbete eller studera utomlands? I s\u00e5 fall kan du ans\u00f6ka om v\u00e5rt <a href=\"https:\/\/investorunner.com\/sv\/stipendium\/\">InvestoRunner Stipendium<\/a> som delas ut varje termin.<\/em><\/p>\n<p><em>Om du vill att vi ska skriva om n\u00e5got, har f\u00f6rslag p\u00e5 f\u00f6rb\u00e4ttringar, eller har en fr\u00e5ga \u00e4r du varmt v\u00e4lkommen att kontakta oss. Bes\u00f6k v\u00e5r <a href=\"https:\/\/investorunner.com\/sv\/kontakta-oss\/\">kontaktsida<\/a> eller kontakta oss p\u00e5 contact@investorunner.com.<\/em><\/p>\n<p>&nbsp;<\/p>\n<p><em><strong>F\u00f6retag:<\/strong><\/em><br \/>\n<em>Optimizee Group,<\/em><br \/>\n<em><a href=\"https:\/\/optimizeegroup.com\" target=\"_blank\" rel=\"noopener noreferrer\">https:\/\/optimizeegroup.com<\/a><\/em><\/p>\n<p>&nbsp;<\/p>\n<a href=\"https:\/\/www.ekonomibloggar.nu\/\"><span  style=\"display:block;\"><img class=\"lazyload\"  width=\"\" style=\"--aspect-ratio:2;\"  decoding=\"async\" data-src=\"https:\/\/www.ekonomibloggar.nu\/button.php?u=InvestoRunner\" data-alt=\"ekonomibloggar.nu\" border=\"0\"><\/span><\/a>\n","protected":false},"excerpt":{"rendered":"<p>Vi \u00e4r en j\u00e4mf\u00f6relsetj\u00e4nst f\u00f6r b\u00f6rsen. V\u00e4lj r\u00e4tt f\u00f6r att investera, spara &#038; tj\u00e4na pengar. InvestoRunner.com samlar allt du beh\u00f6ver veta om att investera p\u00e5 b\u00f6rsen och mer. V\u00e5rt m\u00e5l \u00e4r att hj\u00e4lpa v\u00e5ra bes\u00f6kare att investera, spara och tj\u00e4na pengar. Vi uppdaterar kontinuerligt webbplatsen med f\u00f6rb\u00e4ttringar, nya funktioner och nytt inneh\u00e5ll. &nbsp; Webbplatsens m\u00e5l [&hellip;]<\/p>\n","protected":false},"author":1,"featured_media":0,"parent":0,"menu_order":0,"comment_status":"closed","ping_status":"closed","template":"page-info.php","meta":{"footnotes":""},"yoast_head":"<!-- This site is optimized with the Yoast SEO plugin v15.3 - https:\/\/yoast.com\/wordpress\/plugins\/seo\/ -->\n<meta name=\"description\" content=\"Vi \u00e4r en j\u00e4mf\u00f6relsetj\u00e4nst f\u00f6r b\u00f6rsen. V\u00e4lj r\u00e4tt f\u00f6r att investera, spara &amp; tj\u00e4na pengar. V\u00e4lkommen till InvestoRunner Sverige!\" \/>\n<meta name=\"robots\" content=\"index, follow, max-snippet:-1, max-image-preview:large, max-video-preview:-1\" \/>\n<link rel=\"canonical\" href=\"https:\/\/investorunner.com\/sv\/om-oss\/\" \/>\n<meta property=\"og:locale\" content=\"sv_SE\" \/>\n<meta property=\"og:type\" content=\"article\" \/>\n<meta property=\"og:title\" content=\"Om Oss | InvestoRunner Sverige\" \/>\n<meta property=\"og:description\" content=\"Vi \u00e4r en j\u00e4mf\u00f6relsetj\u00e4nst f\u00f6r b\u00f6rsen. V\u00e4lj r\u00e4tt f\u00f6r att investera, spara &amp; tj\u00e4na pengar. V\u00e4lkommen till InvestoRunner Sverige!\" \/>\n<meta property=\"og:url\" content=\"https:\/\/investorunner.com\/sv\/om-oss\/\" \/>\n<meta property=\"og:site_name\" content=\"InvestoRunner Sverige\" \/>\n<meta property=\"article:modified_time\" content=\"2025-10-09T09:59:11+00:00\" \/>\n<meta name=\"twitter:card\" content=\"summary\" \/>\n<meta name=\"twitter:label1\" content=\"Skriven av\">\n\t<meta name=\"twitter:data1\" content=\"InvestoRunner Team\">\n\t<meta name=\"twitter:label2\" content=\"Ber\u00e4knad l\u00e4stid\">\n\t<meta name=\"twitter:data2\" content=\"2 minuter\">\n<script type=\"application\/ld+json\" class=\"yoast-schema-graph\">{\"@context\":\"https:\/\/schema.org\",\"@graph\":[{\"@type\":\"WebSite\",\"@id\":\"https:\/\/investorunner.com\/sv\/#website\",\"url\":\"https:\/\/investorunner.com\/sv\/\",\"name\":\"InvestoRunner Sverige\",\"description\":\"Vi \\u00e4r en j\\u00e4mf\\u00f6relsetj\\u00e4nst f\\u00f6r aktier och b\\u00f6rsen.\",\"potentialAction\":[{\"@type\":\"SearchAction\",\"target\":\"https:\/\/investorunner.com\/sv\/?s={search_term_string}\",\"query-input\":\"required name=search_term_string\"}],\"inLanguage\":\"sv-SE\"},{\"@type\":\"WebPage\",\"@id\":\"https:\/\/investorunner.com\/sv\/om-oss\/#webpage\",\"url\":\"https:\/\/investorunner.com\/sv\/om-oss\/\",\"name\":\"Om Oss | InvestoRunner Sverige\",\"isPartOf\":{\"@id\":\"https:\/\/investorunner.com\/sv\/#website\"},\"datePublished\":\"2020-09-07T09:44:12+00:00\",\"dateModified\":\"2025-10-09T09:59:11+00:00\",\"description\":\"Vi \\u00e4r en j\\u00e4mf\\u00f6relsetj\\u00e4nst f\\u00f6r b\\u00f6rsen. V\\u00e4lj r\\u00e4tt f\\u00f6r att investera, spara & tj\\u00e4na pengar. V\\u00e4lkommen till InvestoRunner Sverige!\",\"inLanguage\":\"sv-SE\",\"potentialAction\":[{\"@type\":\"ReadAction\",\"target\":[\"https:\/\/investorunner.com\/sv\/om-oss\/\"]}]}]}<\/script>\n<!-- \/ Yoast SEO plugin. -->","_links":{"self":[{"href":"https:\/\/investorunner.com\/sv\/wp-json\/wp\/v2\/pages\/456"}],"collection":[{"href":"https:\/\/investorunner.com\/sv\/wp-json\/wp\/v2\/pages"}],"about":[{"href":"https:\/\/investorunner.com\/sv\/wp-json\/wp\/v2\/types\/page"}],"author":[{"embeddable":true,"href":"https:\/\/investorunner.com\/sv\/wp-json\/wp\/v2\/users\/1"}],"replies":[{"embeddable":true,"href":"https:\/\/investorunner.com\/sv\/wp-json\/wp\/v2\/comments?post=456"}],"version-history":[{"count":10,"href":"https:\/\/investorunner.com\/sv\/wp-json\/wp\/v2\/pages\/456\/revisions"}],"predecessor-version":[{"id":25198,"href":"https:\/\/investorunner.com\/sv\/wp-json\/wp\/v2\/pages\/456\/revisions\/25198"}],"wp:attachment":[{"href":"https:\/\/investorunner.com\/sv\/wp-json\/wp\/v2\/media?parent=456"}],"curies":[{"name":"wp","href":"https:\/\/api.w.org\/{rel}","templated":true}]}}