{"id":4,"date":"2020-09-04T06:49:04","date_gmt":"2020-09-04T06:49:04","guid":{"rendered":"http:\/\/investorunner.com\/sv\/?page_id=4"},"modified":"2022-10-11T13:37:07","modified_gmt":"2022-10-11T13:37:07","slug":"borja-investera-idag","status":"publish","type":"page","link":"https:\/\/investorunner.com\/sv\/","title":{"rendered":"Sveriges st\u00f6rsta <br>j\u00e4mf\u00f6relsetj\u00e4nst f\u00f6r <br>investeringar"},"content":{"rendered":"","protected":false},"excerpt":{"rendered":"","protected":false},"author":1,"featured_media":54,"parent":0,"menu_order":0,"comment_status":"closed","ping_status":"closed","template":"index.php","meta":{"footnotes":""},"yoast_head":"<!-- This site is optimized with the Yoast SEO plugin v15.3 - https:\/\/yoast.com\/wordpress\/plugins\/seo\/ -->\n<meta name=\"description\" content=\"Sveriges st\u00f6rsta j\u00e4mf\u00f6relsetj\u00e4nst f\u00f6r investeringar. J\u00e4mf\u00f6r upp till 12 aktiem\u00e4klare och 2,000 aktier, fonder och valutor. Varmt v\u00e4lkommen!\" \/>\n<meta name=\"robots\" content=\"index, follow, max-snippet:-1, max-image-preview:large, max-video-preview:-1\" \/>\n<link rel=\"canonical\" href=\"https:\/\/investorunner.com\/sv\/\" \/>\n<meta property=\"og:locale\" content=\"sv_SE\" \/>\n<meta property=\"og:type\" content=\"article\" \/>\n<meta property=\"og:title\" content=\"InvestoRunner \u2013 Sveriges st\u00f6rsta j\u00e4mf\u00f6relsetj\u00e4nst f\u00f6r investeringar\" \/>\n<meta property=\"og:description\" content=\"Sveriges st\u00f6rsta j\u00e4mf\u00f6relsetj\u00e4nst f\u00f6r investeringar. J\u00e4mf\u00f6r upp till 12 aktiem\u00e4klare och 2,000 aktier, fonder och valutor. Varmt v\u00e4lkommen!\" \/>\n<meta property=\"og:url\" content=\"https:\/\/investorunner.com\/sv\/\" \/>\n<meta property=\"og:site_name\" content=\"InvestoRunner Sverige\" \/>\n<meta property=\"article:modified_time\" content=\"2022-10-11T13:37:07+00:00\" \/>\n<meta property=\"og:image\" content=\"https:\/\/investorunner.com\/sv\/wp-content\/uploads\/sites\/2\/2020\/09\/investorunner-website-icon.png\" \/>\n\t<meta property=\"og:image:width\" content=\"512\" \/>\n\t<meta property=\"og:image:height\" content=\"512\" \/>\n<meta name=\"twitter:card\" content=\"summary\" \/>\n<meta name=\"twitter:label1\" content=\"Skriven av\">\n\t<meta name=\"twitter:data1\" content=\"InvestoRunner Team\">\n<script type=\"application\/ld+json\" class=\"yoast-schema-graph\">{\"@context\":\"https:\/\/schema.org\",\"@graph\":[{\"@type\":\"WebSite\",\"@id\":\"https:\/\/investorunner.com\/sv\/#website\",\"url\":\"https:\/\/investorunner.com\/sv\/\",\"name\":\"InvestoRunner Sverige\",\"description\":\"Vi \\u00e4r en j\\u00e4mf\\u00f6relsetj\\u00e4nst f\\u00f6r aktier och b\\u00f6rsen.\",\"potentialAction\":[{\"@type\":\"SearchAction\",\"target\":\"https:\/\/investorunner.com\/sv\/?s={search_term_string}\",\"query-input\":\"required name=search_term_string\"}],\"inLanguage\":\"sv-SE\"},{\"@type\":\"ImageObject\",\"@id\":\"https:\/\/investorunner.com\/sv\/#primaryimage\",\"inLanguage\":\"sv-SE\",\"url\":\"https:\/\/investorunner.com\/sv\/wp-content\/uploads\/sites\/2\/2020\/09\/investorunner-website-icon.png\",\"width\":512,\"height\":512},{\"@type\":\"WebPage\",\"@id\":\"https:\/\/investorunner.com\/sv\/#webpage\",\"url\":\"https:\/\/investorunner.com\/sv\/\",\"name\":\"InvestoRunner \\u2013 Sveriges st\\u00f6rsta j\\u00e4mf\\u00f6relsetj\\u00e4nst f\\u00f6r investeringar\",\"isPartOf\":{\"@id\":\"https:\/\/investorunner.com\/sv\/#website\"},\"primaryImageOfPage\":{\"@id\":\"https:\/\/investorunner.com\/sv\/#primaryimage\"},\"datePublished\":\"2020-09-04T06:49:04+00:00\",\"dateModified\":\"2022-10-11T13:37:07+00:00\",\"description\":\"Sveriges st\\u00f6rsta j\\u00e4mf\\u00f6relsetj\\u00e4nst f\\u00f6r investeringar. J\\u00e4mf\\u00f6r upp till 12 aktiem\\u00e4klare och 2,000 aktier, fonder och valutor. Varmt v\\u00e4lkommen!\",\"inLanguage\":\"sv-SE\",\"potentialAction\":[{\"@type\":\"ReadAction\",\"target\":[\"https:\/\/investorunner.com\/sv\/\"]}]}]}<\/script>\n<!-- \/ Yoast SEO plugin. -->","_links":{"self":[{"href":"https:\/\/investorunner.com\/sv\/wp-json\/wp\/v2\/pages\/4"}],"collection":[{"href":"https:\/\/investorunner.com\/sv\/wp-json\/wp\/v2\/pages"}],"about":[{"href":"https:\/\/investorunner.com\/sv\/wp-json\/wp\/v2\/types\/page"}],"author":[{"embeddable":true,"href":"https:\/\/investorunner.com\/sv\/wp-json\/wp\/v2\/users\/1"}],"replies":[{"embeddable":true,"href":"https:\/\/investorunner.com\/sv\/wp-json\/wp\/v2\/comments?post=4"}],"version-history":[{"count":53,"href":"https:\/\/investorunner.com\/sv\/wp-json\/wp\/v2\/pages\/4\/revisions"}],"predecessor-version":[{"id":5423,"href":"https:\/\/investorunner.com\/sv\/wp-json\/wp\/v2\/pages\/4\/revisions\/5423"}],"wp:featuredmedia":[{"embeddable":true,"href":"https:\/\/investorunner.com\/sv\/wp-json\/wp\/v2\/media\/54"}],"wp:attachment":[{"href":"https:\/\/investorunner.com\/sv\/wp-json\/wp\/v2\/media?parent=4"}],"curies":[{"name":"wp","href":"https:\/\/api.w.org\/{rel}","templated":true}]}}